{"id":23,"date":"2015-02-15T09:17:55","date_gmt":"2015-02-15T09:17:55","guid":{"rendered":"http:\/\/atr-design.pl\/?page_id=23"},"modified":"2018-07-21T17:00:06","modified_gmt":"2018-07-21T17:00:06","slug":"publikacje","status":"publish","type":"page","link":"https:\/\/atr-design.pl\/?page_id=23","title":{"rendered":"Publikacje"},"content":{"rendered":"<p>Publikacje zdarzaj\u0105 mi si\u0119 przy okazji. S\u0105 zwykle dope\u0142nieniem, czy te\u017c puent\u0105 rozmy\u015bla\u0144 o architekturze, a czasem zapisem fotografii po realizacji.<\/p>\n<p>Oto kilka przyk\u0142ad\u00f3w:<\/p>\n<ul>\n<li><a href=\"http:\/\/atr-design.pl\/wp-content\/uploads\/2018\/07\/gw-18-07-20.jpg\">wypowied\u017a do artyku\u0142u &#8222;Woonerfy krzywdz\u0105 miasto?&#8221;, Gazeta Wyborcza 2018-07-20<\/a><\/li>\n<li><a href=\"http:\/\/atr-design.pl\/wp-content\/uploads\/2015\/04\/ckw-mtl.pdf\">Zdj\u0119cia do publikacji w \u015awiat Architektury 6 (24) 2012<\/a><\/li>\n<li><a href=\"http:\/\/atr-design.pl\/wp-content\/uploads\/2015\/04\/ab-05-05.pdf\">&#8222;Kicz w przestrzeni miejskiej&#8221;, Architektura i Biznes (nr.5(154)2005)<\/a><\/li>\n<li><a href=\"http:\/\/atr-design.pl\/wp-content\/uploads\/2015\/04\/ab-05-04.pdf\">&#8222;Tanie latanie &#8211; tania architektura?&#8221;, Architektura i Biznes (nr.4(153)2005)<\/a><\/li>\n<li><a href=\"http:\/\/atr-design.pl\/wp-content\/uploads\/2015\/04\/am-05-02.pdf\">&#8222;Palimpsest&#8221;, Architektura-Murator (nr.2(125)02-2005)<\/a><\/li>\n<li><a href=\"http:\/\/atr-design.pl\/wp-content\/uploads\/2015\/04\/FH-FORUM.pdf\">&#8222;Die Gr\u00f6\u00dfte Freiluftschule der Welt&#8221;, FH-Forum(2\/2004), Moguncja, Niemcy<\/a><\/li>\n<li><a href=\"http:\/\/atr-design.pl\/wp-content\/uploads\/2015\/04\/am-09-09.pdf\">&#8222;Szko\u0142a w Suresnes &#8211; jak ocali\u0107 zabytek z pocz\u0105tku XX wieku&#8221;, Architektura-Murator (9(120) 09 2004)<\/a><\/li>\n<\/ul>\n","protected":false},"excerpt":{"rendered":"<p>Publikacje zdarzaj\u0105 mi si\u0119 przy okazji. S\u0105 zwykle dope\u0142nieniem, czy te\u017c puent\u0105 rozmy\u015bla\u0144 o architekturze, a czasem zapisem fotografii po realizacji. Oto kilka przyk\u0142ad\u00f3w: wypowied\u017a do artyku\u0142u &#8222;Woonerfy krzywdz\u0105 miasto?&#8221;, Gazeta Wyborcza 2018-07-20 Zdj\u0119cia do publikacji w \u015awiat Architektury 6 (24) 2012 &#8222;Kicz w przestrzeni miejskiej&#8221;, Architektura i Biznes (nr.5(154)2005) &#8222;Tanie latanie &#8211; tania architektura?&#8221;, &hellip; <a class=\"readmore\" title=\"Read more on Publikacje\" href=\"https:\/\/atr-design.pl\/?page_id=23\"> read more<\/a><\/p>\n","protected":false},"author":1,"featured_media":0,"parent":0,"menu_order":0,"comment_status":"closed","ping_status":"closed","template":"","meta":{"footnotes":""},"class_list":["post-23","page","type-page","status-publish","hentry"],"_links":{"self":[{"href":"https:\/\/atr-design.pl\/index.php?rest_route=\/wp\/v2\/pages\/23","targetHints":{"allow":["GET"]}}],"collection":[{"href":"https:\/\/atr-design.pl\/index.php?rest_route=\/wp\/v2\/pages"}],"about":[{"href":"https:\/\/atr-design.pl\/index.php?rest_route=\/wp\/v2\/types\/page"}],"author":[{"embeddable":true,"href":"https:\/\/atr-design.pl\/index.php?rest_route=\/wp\/v2\/users\/1"}],"replies":[{"embeddable":true,"href":"https:\/\/atr-design.pl\/index.php?rest_route=%2Fwp%2Fv2%2Fcomments&post=23"}],"version-history":[{"count":6,"href":"https:\/\/atr-design.pl\/index.php?rest_route=\/wp\/v2\/pages\/23\/revisions"}],"predecessor-version":[{"id":333,"href":"https:\/\/atr-design.pl\/index.php?rest_route=\/wp\/v2\/pages\/23\/revisions\/333"}],"wp:attachment":[{"href":"https:\/\/atr-design.pl\/index.php?rest_route=%2Fwp%2Fv2%2Fmedia&parent=23"}],"curies":[{"name":"wp","href":"https:\/\/api.w.org\/{rel}","templated":true}]}}