{"id":25,"date":"2015-02-15T09:18:44","date_gmt":"2015-02-15T09:18:44","guid":{"rendered":"http:\/\/atr-design.pl\/?page_id=25"},"modified":"2025-11-21T10:20:12","modified_gmt":"2025-11-21T10:20:12","slug":"kontakt","status":"publish","type":"page","link":"https:\/\/atr-design.pl\/","title":{"rendered":"Kontakt"},"content":{"rendered":"<div id=\"metaslider-id-75\" style=\"max-width: 840px;\" class=\"ml-slider-3-105-0 metaslider metaslider-responsive metaslider-75 ml-slider ms-theme-default\" role=\"region\" aria-label=\"projekty\" data-height=\"407\" data-width=\"840\">\n    <div id=\"metaslider_container_75\">\n        <ul id='metaslider_75' class='rslides'>\n            <li aria-roledescription='slide' aria-labelledby='slide-0'><img fetchpriority=\"high\" decoding=\"async\" src=\"https:\/\/atr-design.pl\/wp-content\/uploads\/2015\/02\/kwz2a.jpg\" height=\"407\" width=\"840\" alt=\"projekt ko\u015bcio\u0142a k. \u0141odzi, wizualizacja\" class=\"slider-75 slide-40 msDefaultImage\" \/><\/li>\n            <li style='display: none;' aria-roledescription='slide' aria-labelledby='slide-1'><img decoding=\"async\" src=\"https:\/\/atr-design.pl\/wp-content\/uploads\/2015\/02\/scy03.jpg\" height=\"407\" width=\"840\" alt=\"klub Scenografia, \u0141\u00f3d\u017a\" class=\"slider-75 slide-52 msDefaultImage\" \/><\/li>\n            <li style='display: none;' aria-roledescription='slide' aria-labelledby='slide-2'><a href=\"http:\/\/optoklinika.pl\/\" target=\"_self\"><img decoding=\"async\" src=\"https:\/\/atr-design.pl\/wp-content\/uploads\/2017\/02\/OEUZ2-840x407.jpg\" height=\"407\" width=\"840\" alt=\"\" class=\"slider-75 slide-254 msDefaultImage\" \/><\/a><\/li>\n            <li style='display: none;' aria-roledescription='slide' aria-labelledby='slide-3'><img loading=\"lazy\" decoding=\"async\" src=\"https:\/\/atr-design.pl\/wp-content\/uploads\/2015\/02\/visavis01.jpg\" height=\"407\" width=\"840\" alt=\"Restauracja Vis a Vis, CB Synergia, \u0141\u00f3d\u017a\" class=\"slider-75 slide-59 msDefaultImage\" \/><\/li>\n            <li style='display: none;' aria-roledescription='slide' aria-labelledby='slide-4'><img loading=\"lazy\" decoding=\"async\" src=\"https:\/\/atr-design.pl\/wp-content\/uploads\/2015\/02\/visavis04.jpg\" height=\"407\" width=\"840\" alt=\"restauracja Vis a Vis, CB Synergia, \u0141\u00f3d\u017a\" class=\"slider-75 slide-62 msDefaultImage\" \/><\/li>\n            <li style='display: none;' aria-roledescription='slide' aria-labelledby='slide-5'><img loading=\"lazy\" decoding=\"async\" src=\"https:\/\/atr-design.pl\/wp-content\/uploads\/2015\/02\/6s13r02.jpg\" height=\"407\" width=\"840\" alt=\"Ato Sushi, \u0141\u00f3d\u017a\" class=\"slider-75 slide-64 msDefaultImage\" \/><\/li>\n            <li style='display: none;' aria-roledescription='slide' aria-labelledby='slide-6'><img loading=\"lazy\" decoding=\"async\" src=\"https:\/\/atr-design.pl\/wp-content\/uploads\/2015\/02\/ustr02.jpg\" height=\"407\" width=\"840\" alt=\"restauracja hotelowa, Wis\u0142a, Wizualizacja\" class=\"slider-75 slide-57 msDefaultImage\" \/><\/li>\n            <li style='display: none;' aria-roledescription='slide' aria-labelledby='slide-7'><img loading=\"lazy\" decoding=\"async\" src=\"https:\/\/atr-design.pl\/wp-content\/uploads\/2015\/02\/s24-4.jpg\" height=\"407\" width=\"840\" alt=\"Szpulka bar&amp;bistro, Manufaktura, \u0141\u00f3d\u017a\" class=\"slider-75 slide-49 msDefaultImage\" \/><\/li>\n            <li style='display: none;' aria-roledescription='slide' aria-labelledby='slide-8'><img loading=\"lazy\" decoding=\"async\" src=\"https:\/\/atr-design.pl\/wp-content\/uploads\/2019\/10\/DSC_0068cm-840x407.jpg\" height=\"407\" width=\"840\" alt=\"REJK, Szwalnia z krojowni\u0105 i zableczem biurowo-sanitarnym.\" class=\"slider-75 slide-383 msDefaultImage\" title=\"REJK - szwalnia z krojowni\u0105\" \/><div class=\"caption-wrap\"><div class=\"caption\">REJK - szwalnia z krojowni\u0105<\/div><\/div><\/li>\n            <li style='display: none;' aria-roledescription='slide' aria-labelledby='slide-9'><img loading=\"lazy\" decoding=\"async\" src=\"https:\/\/atr-design.pl\/wp-content\/uploads\/2017\/02\/nraj01-780x377.jpg\" height=\"407\" width=\"840\" alt=\"\" class=\"slider-75 slide-260 msDefaultImage\" \/><\/li>\n            <li style='display: none;' aria-roledescription='slide' aria-labelledby='slide-10'><img loading=\"lazy\" decoding=\"async\" src=\"https:\/\/atr-design.pl\/wp-content\/uploads\/2015\/02\/kap2.jpg\" height=\"407\" width=\"840\" alt=\"wn\u0119trze domu prywatnego, \u0141\u00f3d\u017a, wizualizacja\" class=\"slider-75 slide-36 msDefaultImage\" \/><\/li>\n            <li style='display: none;' aria-roledescription='slide' aria-labelledby='slide-11'><img loading=\"lazy\" decoding=\"async\" src=\"https:\/\/atr-design.pl\/wp-content\/uploads\/2015\/02\/hos01.jpg\" height=\"407\" width=\"840\" alt=\"House Of Sushi, \u0141\u00f3d\u017a, wizualizacja\" class=\"slider-75 slide-31 msDefaultImage\" \/><\/li>\n            <li style='display: none;' aria-roledescription='slide' aria-labelledby='slide-12'><img loading=\"lazy\" decoding=\"async\" src=\"https:\/\/atr-design.pl\/wp-content\/uploads\/2021\/04\/tybupano.jpg\" height=\"407\" width=\"840\" alt=\"Dom jednorodzinny na ma\u0142ej dzia\u0142ce\" class=\"slider-75 slide-470 msDefaultImage\" title=\"Dom jednorodzinny na ma\u0142ej dzia\u0142ce\" \/><div class=\"caption-wrap\"><div class=\"caption\">Dom jednorodzinny na ma\u0142ej dzia\u0142ce<\/div><\/div><\/li>\n            <li style='display: none;' aria-roledescription='slide' aria-labelledby='slide-13'><img loading=\"lazy\" decoding=\"async\" src=\"https:\/\/atr-design.pl\/wp-content\/uploads\/2015\/02\/syn02a.jpg\" height=\"407\" width=\"840\" alt=\"wn\u0119trze biurowe, \u0141\u00f3d\u017a, wizualizacja\" class=\"slider-75 slide-55 msDefaultImage\" \/><\/li>\n            <li style='display: none;' aria-roledescription='slide' aria-labelledby='slide-14'><img loading=\"lazy\" decoding=\"async\" src=\"https:\/\/atr-design.pl\/wp-content\/uploads\/2015\/02\/6s13r01.jpg\" height=\"407\" width=\"840\" alt=\"Ato Sushi, \u0141\u00f3d\u017a\" class=\"slider-75 slide-63 msDefaultImage\" \/><\/li>\n            <li style='display: none;' aria-roledescription='slide' aria-labelledby='slide-15'><img loading=\"lazy\" decoding=\"async\" src=\"https:\/\/atr-design.pl\/wp-content\/uploads\/2015\/02\/scy01.jpg\" height=\"407\" width=\"840\" alt=\"klub Scenografia, \u0141\u00f3d\u017a\" class=\"slider-75 slide-50 msDefaultImage\" \/><\/li>\n            <li style='display: none;' aria-roledescription='slide' aria-labelledby='slide-16'><img loading=\"lazy\" decoding=\"async\" src=\"https:\/\/atr-design.pl\/wp-content\/uploads\/2015\/02\/scy02.jpg\" height=\"407\" width=\"840\" alt=\"klub Scenografia, \u0141\u00f3d\u017a\" class=\"slider-75 slide-51 msDefaultImage\" \/><\/li>\n            <li style='display: none;' aria-roledescription='slide' aria-labelledby='slide-17'><img loading=\"lazy\" decoding=\"async\" src=\"https:\/\/atr-design.pl\/wp-content\/uploads\/2021\/05\/20210528_172339c-2-840x407.jpg\" height=\"407\" width=\"840\" alt=\"Indian Steak Monopolis\" class=\"slider-75 slide-479 msDefaultImage\" title=\"Indian Steak Monopolis\" \/><div class=\"caption-wrap\"><div class=\"caption\">Indian Steak Monopolis<\/div><\/div><\/li>\n            <li style='display: none;' aria-roledescription='slide' aria-labelledby='slide-18'><img loading=\"lazy\" decoding=\"async\" src=\"https:\/\/atr-design.pl\/wp-content\/uploads\/2015\/02\/amex11.jpg\" height=\"407\" width=\"840\" alt=\"restauracja meksyka\u0144ska, Kielce, wizualizacja\" class=\"slider-75 slide-28 msDefaultImage\" \/><\/li>\n            <li style='display: none;' aria-roledescription='slide' aria-labelledby='slide-19'><img loading=\"lazy\" decoding=\"async\" src=\"https:\/\/atr-design.pl\/wp-content\/uploads\/2015\/02\/baw-2.jpg\" height=\"407\" width=\"840\" alt=\"restauracja Bawe\u0142na, Manufaktura, \u0141\u00f3d\u017a\" class=\"slider-75 slide-30 msDefaultImage\" \/><\/li>\n            <li style='display: none;' aria-roledescription='slide' aria-labelledby='slide-20'><img loading=\"lazy\" decoding=\"async\" src=\"https:\/\/atr-design.pl\/wp-content\/uploads\/2015\/02\/s24-3.jpg\" height=\"407\" width=\"840\" alt=\"Szpulka bar&amp;bistro, Manufaktura, \u0141\u00f3d\u017a\" class=\"slider-75 slide-48 msDefaultImage\" \/><\/li>\n            <li style='display: none;' aria-roledescription='slide' aria-labelledby='slide-21'><img loading=\"lazy\" decoding=\"async\" src=\"https:\/\/atr-design.pl\/wp-content\/uploads\/2015\/02\/js26_1.jpg\" height=\"407\" width=\"840\" alt=\"dom jednorodzinny z gara\u017cem, Justyn\u00f3w, wizualizacja\" class=\"slider-75 slide-34 msDefaultImage\" \/><\/li>\n            <li style='display: none;' aria-roledescription='slide' aria-labelledby='slide-22'><img loading=\"lazy\" decoding=\"async\" src=\"https:\/\/atr-design.pl\/wp-content\/uploads\/2015\/09\/divine.jpg\" height=\"407\" width=\"840\" alt=\"lokal DIVINE, Sukcesja, \u0141\u00f3d\u017a\" class=\"slider-75 slide-242 msDefaultImage\" \/><\/li>\n            <li style='display: none;' aria-roledescription='slide' aria-labelledby='slide-23'><img loading=\"lazy\" decoding=\"async\" src=\"https:\/\/atr-design.pl\/wp-content\/uploads\/2015\/02\/baw-1.jpg\" height=\"407\" width=\"840\" alt=\"restauracja Bawe\u0142na, Manufaktura, \u0141\u00f3d\u017a\" class=\"slider-75 slide-29 msDefaultImage\" \/><\/li>\n            <li style='display: none;' aria-roledescription='slide' aria-labelledby='slide-24'><img loading=\"lazy\" decoding=\"async\" src=\"https:\/\/atr-design.pl\/wp-content\/uploads\/2015\/02\/syn01a.jpg\" height=\"407\" width=\"840\" alt=\"wn\u0119trze biurowe, \u0141\u00f3d\u017a, wizualizacja\" class=\"slider-75 slide-54 msDefaultImage\" \/><\/li>\n            <li style='display: none;' aria-roledescription='slide' aria-labelledby='slide-25'><img loading=\"lazy\" decoding=\"async\" src=\"https:\/\/atr-design.pl\/wp-content\/uploads\/2015\/02\/p13.jpg\" height=\"407\" width=\"840\" alt=\"inwentaryzacja kamienicy, \u0141\u00f3d\u017a\" class=\"slider-75 slide-42 msDefaultImage\" \/><\/li>\n            <li style='display: none;' aria-roledescription='slide' aria-labelledby='slide-26'><img loading=\"lazy\" decoding=\"async\" src=\"https:\/\/atr-design.pl\/wp-content\/uploads\/2015\/02\/hos04.jpg\" height=\"407\" width=\"840\" alt=\"House Of Sushi, \u0141\u00f3d\u017a, wizualizacja\" class=\"slider-75 slide-33 msDefaultImage\" \/><\/li>\n            <li style='display: none;' aria-roledescription='slide' aria-labelledby='slide-27'><img loading=\"lazy\" decoding=\"async\" src=\"https:\/\/atr-design.pl\/wp-content\/uploads\/2017\/10\/ATO-RAMEN02.jpg\" height=\"407\" width=\"840\" alt=\"\" class=\"slider-75 slide-284 msDefaultImage\" \/><div class=\"caption-wrap\"><div class=\"caption\">Restauracja Ramen, \u0141\u00f3d\u017a. <\/div><\/div><\/li>\n            <li style='display: none;' aria-roledescription='slide' aria-labelledby='slide-28'><img loading=\"lazy\" decoding=\"async\" src=\"https:\/\/atr-design.pl\/wp-content\/uploads\/2015\/02\/sfa76_r01.jpg\" height=\"407\" width=\"840\" alt=\"wn\u0119trze prywatne, \u0142\u00f3d\u017a, wizualizacja\" class=\"slider-75 slide-53 msDefaultImage\" \/><\/li>\n            <li style='display: none;' aria-roledescription='slide' aria-labelledby='slide-29'><img loading=\"lazy\" decoding=\"async\" src=\"https:\/\/atr-design.pl\/wp-content\/uploads\/2015\/02\/p125_r03_sc5_r00.jpg\" height=\"407\" width=\"840\" alt=\"dom z cukierni\u0105, \u0141\u00f3d\u017a, wizualizacja\" class=\"slider-75 slide-45 msDefaultImage\" \/><\/li>\n            <li style='display: none;' aria-roledescription='slide' aria-labelledby='slide-30'><img loading=\"lazy\" decoding=\"async\" src=\"https:\/\/atr-design.pl\/wp-content\/uploads\/2018\/05\/DSC_0421-407x840-840x407.jpg\" height=\"407\" width=\"840\" alt=\"BISTRO Wile\u0144ska 59\" class=\"slider-75 slide-321 msDefaultImage\" title=\"BISTRO Wile\u0144ska 59\" \/><div class=\"caption-wrap\"><div class=\"caption\">BISTRO na ul. Wile\u0144skiej 59 w \u0141odzi.<\/div><\/div><\/li>\n            <li style='display: none;' aria-roledescription='slide' aria-labelledby='slide-31'><img loading=\"lazy\" decoding=\"async\" src=\"https:\/\/atr-design.pl\/wp-content\/uploads\/2015\/02\/kap1.jpg\" height=\"407\" width=\"840\" alt=\"wn\u0119trze domu prywatnego, \u0141\u00f3d\u017a, wizualizacja\" class=\"slider-75 slide-35 msDefaultImage\" \/><\/li>\n            <li style='display: none;' aria-roledescription='slide' aria-labelledby='slide-32'><img loading=\"lazy\" decoding=\"async\" src=\"https:\/\/atr-design.pl\/wp-content\/uploads\/2015\/02\/hos02.jpg\" height=\"407\" width=\"840\" alt=\"House Of Sushi, \u0141\u00f3d\u017a, wizualizacja\" class=\"slider-75 slide-32 msDefaultImage\" \/><\/li>\n            <li style='display: none;' aria-roledescription='slide' aria-labelledby='slide-33'><img loading=\"lazy\" decoding=\"async\" src=\"https:\/\/atr-design.pl\/wp-content\/uploads\/2015\/02\/ustr03.jpg\" height=\"407\" width=\"840\" alt=\"restauracja hotelowa, Wis\u0142a, Wizualizacja\" class=\"slider-75 slide-58 msDefaultImage\" \/><\/li>\n            <li style='display: none;' aria-roledescription='slide' aria-labelledby='slide-34'><img loading=\"lazy\" decoding=\"async\" src=\"https:\/\/atr-design.pl\/wp-content\/uploads\/2015\/02\/visavis03.jpg\" height=\"407\" width=\"840\" alt=\"restauracja Vis a Vis, CB Synergia, \u0141\u00f3d\u017a\" class=\"slider-75 slide-61 msDefaultImage\" \/><\/li>\n            <li style='display: none;' aria-roledescription='slide' aria-labelledby='slide-35'><img loading=\"lazy\" decoding=\"async\" src=\"https:\/\/atr-design.pl\/wp-content\/uploads\/2015\/02\/amex10.jpg\" height=\"407\" width=\"840\" alt=\"restauracja meksyka\u0144ska, Kielce, wizualizacja\" class=\"slider-75 slide-65 msDefaultImage\" \/><\/li>\n            <li style='display: none;' aria-roledescription='slide' aria-labelledby='slide-36'><img loading=\"lazy\" decoding=\"async\" src=\"https:\/\/atr-design.pl\/wp-content\/uploads\/2015\/02\/kap3.jpg\" height=\"407\" width=\"840\" alt=\"wn\u0119trze domu prywatnego, \u0141\u00f3d\u017a, wizualizacja\" class=\"slider-75 slide-37 msDefaultImage\" \/><\/li>\n            <li style='display: none;' aria-roledescription='slide' aria-labelledby='slide-37'><img loading=\"lazy\" decoding=\"async\" src=\"https:\/\/atr-design.pl\/wp-content\/uploads\/2015\/02\/ustr01.jpg\" height=\"407\" width=\"840\" alt=\"restauracja hotelowa, Wis\u0142a, Wizualizacja\" class=\"slider-75 slide-56 msDefaultImage\" \/><\/li>\n            <li style='display: none;' aria-roledescription='slide' aria-labelledby='slide-38'><img loading=\"lazy\" decoding=\"async\" src=\"https:\/\/atr-design.pl\/wp-content\/uploads\/2015\/02\/s24-1.jpg\" height=\"407\" width=\"840\" alt=\"Szpulka bar&amp;bistro, Manufaktura, \u0141\u00f3d\u017a\" class=\"slider-75 slide-46 msDefaultImage\" \/><\/li>\n            <li style='display: none;' aria-roledescription='slide' aria-labelledby='slide-39'><img loading=\"lazy\" decoding=\"async\" src=\"https:\/\/atr-design.pl\/wp-content\/uploads\/2019\/07\/TEAL_LIB.jpg\" height=\"407\" width=\"840\" alt=\"Restauracja Len i Bawe\u0142na, Off Piotrkowska, \u0141\u00f3d\u017a\" class=\"slider-75 slide-385 msDefaultImage\" title=\"Restauracja Len i Bawe\u0142na, Off Piotrkowska, \u0141\u00f3d\u017a\" \/><div class=\"caption-wrap\"><div class=\"caption\">Restauracja Len i Bawe\u0142na, Off Piotrkowska, \u0141\u00f3d\u017a<\/div><\/div><\/li>\n            <li style='display: none;' aria-roledescription='slide' aria-labelledby='slide-40'><img loading=\"lazy\" decoding=\"async\" src=\"https:\/\/atr-design.pl\/wp-content\/uploads\/2015\/02\/s24-2.jpg\" height=\"407\" width=\"840\" alt=\"Szpulka bar&amp;bistro, Manufaktura, \u0141\u00f3d\u017a\" class=\"slider-75 slide-47 msDefaultImage\" \/><\/li>\n            <li style='display: none;' aria-roledescription='slide' aria-labelledby='slide-41'><img loading=\"lazy\" decoding=\"async\" src=\"https:\/\/atr-design.pl\/wp-content\/uploads\/2021\/04\/dnapano.jpg\" height=\"407\" width=\"840\" alt=\"Biura DNA, Monopolis \u0141\u00f3d\u017a\" class=\"slider-75 slide-471 msDefaultImage\" title=\"Biura DNA, Monopolis \u0141\u00f3d\u017a\" \/><div class=\"caption-wrap\"><div class=\"caption\">Biura DNA, Monopolis \u0141\u00f3d\u017a<\/div><\/div><\/li>\n            <li style='display: none;' aria-roledescription='slide' aria-labelledby='slide-42'><img loading=\"lazy\" decoding=\"async\" src=\"https:\/\/atr-design.pl\/wp-content\/uploads\/2015\/02\/visavis02.jpg\" height=\"407\" width=\"840\" alt=\"restauracja Vis a Vis, CB Synergia, \u0141\u00f3d\u017a\" class=\"slider-75 slide-60 msDefaultImage\" \/><\/li>\n        <\/ul>\n        \n    <\/div>\n<\/div>\n<p style=\"text-align: center; background-color: white;\">a:tr architekt Tomasz Rymarek<br \/>\nul. Wycieczkowa 49b, 91-518 \u0141\u00f3d\u017a<br \/>\ntel. +48605725050<br \/>\n<a title=\"napisz na tomek.rymarek@gmail.com\" href=\"mailto:tomek.rymarek@gmail.com\">tomek.rymarek@gmail.com<\/a><\/p>\n<p style=\"text-align: center; background-color: white;\">Contact me personally for information in English, Deutsch, Francais, Espanol.<\/p>\n<p style=\"text-align: center; background-color: white;\">\n<a title=\"polityka prywatno\u015bci &#038; cookies\" href=\"https:\/\/atr-design.pl\/?page_id=524\">Polityka prywatno\u015bci &#038; Cookies<\/p>\n","protected":false},"excerpt":{"rendered":"<p>a:tr architekt Tomasz Rymarek ul. Wycieczkowa 49b, 91-518 \u0141\u00f3d\u017a tel. +48605725050 tomek.rymarek@gmail.com Contact me personally for information in English, Deutsch, Francais, Espanol. Polityka prywatno\u015bci &#038; Cookies<\/p>\n","protected":false},"author":1,"featured_media":0,"parent":0,"menu_order":0,"comment_status":"closed","ping_status":"closed","template":"momental-page-builder.php","meta":{"footnotes":""},"class_list":["post-25","page","type-page","status-publish","hentry"],"_links":{"self":[{"href":"https:\/\/atr-design.pl\/index.php?rest_route=\/wp\/v2\/pages\/25","targetHints":{"allow":["GET"]}}],"collection":[{"href":"https:\/\/atr-design.pl\/index.php?rest_route=\/wp\/v2\/pages"}],"about":[{"href":"https:\/\/atr-design.pl\/index.php?rest_route=\/wp\/v2\/types\/page"}],"author":[{"embeddable":true,"href":"https:\/\/atr-design.pl\/index.php?rest_route=\/wp\/v2\/users\/1"}],"replies":[{"embeddable":true,"href":"https:\/\/atr-design.pl\/index.php?rest_route=%2Fwp%2Fv2%2Fcomments&post=25"}],"version-history":[{"count":10,"href":"https:\/\/atr-design.pl\/index.php?rest_route=\/wp\/v2\/pages\/25\/revisions"}],"predecessor-version":[{"id":528,"href":"https:\/\/atr-design.pl\/index.php?rest_route=\/wp\/v2\/pages\/25\/revisions\/528"}],"wp:attachment":[{"href":"https:\/\/atr-design.pl\/index.php?rest_route=%2Fwp%2Fv2%2Fmedia&parent=25"}],"curies":[{"name":"wp","href":"https:\/\/api.w.org\/{rel}","templated":true}]}}