{"id":323,"date":"2018-05-26T09:25:07","date_gmt":"2018-05-26T09:25:07","guid":{"rendered":"http:\/\/atr-design.pl\/?page_id=323"},"modified":"2018-05-26T09:25:07","modified_gmt":"2018-05-26T09:25:07","slug":"standardy-rodo","status":"publish","type":"page","link":"https:\/\/atr-design.pl\/?page_id=323","title":{"rendered":"Standardy RODO"},"content":{"rendered":"<p>1. STANDARDY OCHRONY DANYCH OSOBOWYCH<\/p>\n<p>w pracowni a:tr architekt Tomasz Rymarek:<\/p>\n<p>1.1.\u00a0 Administrator danych osobowych<\/p>\n<p>Pracownia:<\/p>\n<p>a:tr architekt Tomasz Rymarek<\/p>\n<p>z siedzib\u0105 przy ul. Wycieczkowej 49B w \u0141odzi<\/p>\n<p>jest administratorem danych osobowych zwi\u0105zanych z prowadzon\u0105 dzia\u0142alno\u015bci\u0105.<\/p>\n<p>1.2. Cel gromadzenia i przetwarzania danych<\/p>\n<p>Celem gromadzenia i przetwarzania danych jest:<\/p>\n<ol>\n<li>Realizowanie zlece\u0144 w postaci um\u00f3w o prace projektowe, w ramach kt\u00f3rych, w zakresie okre\u015blonym przez Ustaw\u0119 Prawo Budowlane, przepisy zale\u017cne, Kodeks Post\u0119powania Administracyjnego oraz inne przepisy w zale\u017cno\u015bci od przedmiotu zlecenia, niezb\u0119dne jest gromadzenie i przetwarzanie danych klient\u00f3w;<\/li>\n<li>Wsp\u00f3\u0142praca z Klientami, podwykonawcami w\u0142asnymi i wskazanymi przez Klient\u00f3w przy realizacji zlece\u0144 w zakresie budownictwa, dostaw materia\u0142\u00f3w, opracowa\u0144 technicznych, graficznych i poligraficznych;<\/li>\n<li>Pe\u0142nienie czynno\u015bci administracyjnych i reprezentowania Klient\u00f3w przed organami administracji, Urz\u0119dami i podmiotami zwi\u0105zanymi z realizacj\u0105 um\u00f3w, w tym r\u00f3wnie\u017c instytucjami i osobami prywatnymi pozostaj\u0105cymi stronami w procesach administracyjnych i budowlanych, zwi\u0105zanych z realizacj\u0105 zada\u0144 powierzonych architektowi;<\/li>\n<\/ol>\n<p>1.3. Spos\u00f3b przetwarzania danych:<\/p>\n<p>W zwi\u0105zku z charakterem proces\u00f3w projektowych, inwestycyjnych i budowlanych oraz czynno\u015bci administracyjnych z tym zwi\u0105zanych, przetwarzanie danych dostarczonych przez Klient\u00f3w, jest wpisane w podstawowe dzia\u0142ania architekta w ramach okre\u015blonych w umowach i\/lub zleceniach na prace projektowe.<\/p>\n<p>Dane b\u0119d\u0105 przetwarzane w spos\u00f3b zgodny z obowi\u0105zuj\u0105cymi przepisami, procedurami administracyjnymi.<\/p>\n<p>Dane powierzone architektowi przekazywane b\u0119d\u0105 w celach zwi\u0105zanych z realizacj\u0105 zlece\u0144 zar\u00f3wno w kontek\u015bcie czynno\u015bci formalno-prawnych jak i w zwi\u0105zku z realizacj\u0105 inwestycji.<\/p>\n<p>Dane powierzone architektowi nie b\u0119d\u0105 przekazywane i przetwarzane w spos\u00f3b nie wynikaj\u0105cy i nie wi\u0105\u017c\u0105cy si\u0119 z umowami o prace projektowe, bez wiedzy i zgody w\u0142a\u015bciciela tych danych.<\/p>\n<p>1.4. Referencje dla architekta<\/p>\n<p>Wybrane dane powierzone architektowi mog\u0105 by\u0107 podawane do informacji og\u00f3lnej lub wyselekcjonowanym podmiotom, w ramach informowania o zrealizowanych zadaniach i udost\u0119pniania referencji dla dzia\u0142alno\u015bci architekta.<\/p>\n<p>Dla os\u00f3b prywatnych, standardowo przyjmuje si\u0119 utajnienie danych identyfikuj\u0105cych inwestora i dok\u0142adn\u0105 lokalizacj\u0119 inwestycji, przy czym mo\u017cliwe jest okre\u015blenie inwestycji jako \u201eprywatna\u201d, z podaniem rodzaju, wielko\u015bci i miejscowo\u015bci oraz wykorzystania wybranych element\u00f3w projektu (np. wizualizacji, fotografii i rysunk\u00f3w projektowych) w portfolio i referencjach architekta.<\/p>\n<p>Dla podmiot\u00f3w prowadz\u0105cych jawn\u0105 dzia\u0142alno\u015b\u0107 gospodarcz\u0105, przyjmuje si\u0119 mo\u017cliwo\u015b\u0107 ujawniania przez architekta nazwy, dok\u0142adnej lokalizacji inwestycji oraz wykorzystania wybranych element\u00f3w projektu (np. wizualizacji, fotografii i rysunk\u00f3w projektowych) w portfolio i referencjach architekta.<\/p>\n<p>1.5. Zmiany w zakresie danych powierzonych architektowi<\/p>\n<p>W celu wprowadzenia zmian danych powierzonych architektowi lub sposobu ich wykorzystywania i przetwarzania, nale\u017cy skontaktowa\u0107 si\u0119 z administratorem danych osobowych: architektem Tomaszem Rymarkiem. Informacja o ograniczeniu udost\u0119pnienia danych osobowych architektowi, mo\u017ce mie\u0107 wp\u0142yw na uniemo\u017cliwienie architektowi realizacji powierzonych mu zada\u0144. Informacja taka musi mie\u0107 charakter pisemny i musi zosta\u0107 przekazana architektowi w formie i czasie umo\u017cliwiaj\u0105cym zastosowanie si\u0119 do \u017cyczenia zleceniodawcy.<\/p>\n<p>Architekt Tomasz Rymarek, zastrzega sobie prawo do zmiany ustale\u0144 zwi\u0105zanych z ochron\u0105 danych osobowych klient\u00f3w i wsp\u00f3\u0142pracownik\u00f3w, w zakresie wynikaj\u0105cym z przepis\u00f3w prawa lub ich zmiany, lub w zwi\u0105zku ze sposobem prowadzenia dzia\u0142alno\u015bci. W przypadku zmiany, architekt Tomasz Rymarek nie ma obowi\u0105zku informowa\u0107 ani uzyskiwa\u0107 zgody klient\u00f3w na wprowadzenie zmian.<\/p>\n<p>1.6. Kontakt z administratorem danych osobowych<\/p>\n<p>Kontakt z administratorem danych osobowych jest to\u017csamy z kontaktem z architektem Tomaszem Rymarkiem. Sposoby kontaktu ka\u017cdorazowo okre\u015blono w preambu\u0142ach um\u00f3w o prace projektowe oraz podano na stronie <a href=\"http:\/\/www.atr-design.pl\">www.atr-design.pl<\/a> .<\/p>\n<p>&nbsp;<\/p>\n<p>&nbsp;<\/p>\n","protected":false},"excerpt":{"rendered":"<p>1. STANDARDY OCHRONY DANYCH OSOBOWYCH w pracowni a:tr architekt Tomasz Rymarek: 1.1.\u00a0 Administrator danych osobowych Pracownia: a:tr architekt Tomasz Rymarek z siedzib\u0105 przy ul. Wycieczkowej 49B w \u0141odzi jest administratorem danych osobowych zwi\u0105zanych z prowadzon\u0105 dzia\u0142alno\u015bci\u0105. 1.2. Cel gromadzenia i przetwarzania danych Celem gromadzenia i przetwarzania danych jest: Realizowanie zlece\u0144 w postaci um\u00f3w o prace &hellip; <a class=\"readmore\" title=\"Read more on Standardy RODO\" href=\"https:\/\/atr-design.pl\/?page_id=323\"> read more<\/a><\/p>\n","protected":false},"author":1,"featured_media":0,"parent":0,"menu_order":0,"comment_status":"closed","ping_status":"closed","template":"","meta":{"footnotes":""},"class_list":["post-323","page","type-page","status-publish","hentry"],"_links":{"self":[{"href":"https:\/\/atr-design.pl\/index.php?rest_route=\/wp\/v2\/pages\/323","targetHints":{"allow":["GET"]}}],"collection":[{"href":"https:\/\/atr-design.pl\/index.php?rest_route=\/wp\/v2\/pages"}],"about":[{"href":"https:\/\/atr-design.pl\/index.php?rest_route=\/wp\/v2\/types\/page"}],"author":[{"embeddable":true,"href":"https:\/\/atr-design.pl\/index.php?rest_route=\/wp\/v2\/users\/1"}],"replies":[{"embeddable":true,"href":"https:\/\/atr-design.pl\/index.php?rest_route=%2Fwp%2Fv2%2Fcomments&post=323"}],"version-history":[{"count":3,"href":"https:\/\/atr-design.pl\/index.php?rest_route=\/wp\/v2\/pages\/323\/revisions"}],"predecessor-version":[{"id":326,"href":"https:\/\/atr-design.pl\/index.php?rest_route=\/wp\/v2\/pages\/323\/revisions\/326"}],"wp:attachment":[{"href":"https:\/\/atr-design.pl\/index.php?rest_route=%2Fwp%2Fv2%2Fmedia&parent=323"}],"curies":[{"name":"wp","href":"https:\/\/api.w.org\/{rel}","templated":true}]}}