{"id":7,"date":"2015-02-15T09:11:14","date_gmt":"2015-02-15T09:11:14","guid":{"rendered":"http:\/\/atr-design.pl\/?page_id=7"},"modified":"2017-12-23T19:17:59","modified_gmt":"2017-12-23T19:17:59","slug":"curriculum-vitae","status":"publish","type":"page","link":"https:\/\/atr-design.pl\/?page_id=7","title":{"rendered":"Curriculum Vitae"},"content":{"rendered":"<p><img decoding=\"async\" class=\"alignright size-full wp-image-114\" src=\"http:\/\/atr-design.pl\/wp-content\/uploads\/2015\/04\/TOMEK.jpg\" alt=\"TOMEK\" width=\"150\" height=\"175\" \/><\/p>\n<blockquote><p><strong>Tomasz Rymarek<\/strong><\/p><\/blockquote>\n<ul>\n<li>mgr. in\u017c architekt nr. upr. 34\/LOOKK\/2010<\/li>\n<li>ul. Wycieczkowa 49b<\/li>\n<li>91-518 \u0141\u00f3d\u017a<\/li>\n<li>tomek.rymarek@gmail.com<\/li>\n<\/ul>\n<hr \/>\n<blockquote><p><strong>Wyszta\u0142cenie<\/strong><\/p><\/blockquote>\n<ul>\n<li>Uprawnienia budowlane do projektowania w zakresie architektury bez ogranicze\u0144<\/li>\n<li>Wyr\u00f3\u017cnienie Towarzystwa Urbanist\u00f3w Polskich za prac\u0119 dyplomow\u0105<\/li>\n<li>Absolwent Politechniki \u0141\u00f3dzkiej, Wydzia\u0142 Architektury, praca dyplomowa \u201eRehabitacja Kwarta\u0142\u00f3w \u0141\u00f3dzkich\u201d pod kierunkiem Dr Weroniki Wi\u015bniewskiej<\/li>\n<li>Stypendysta programu Lenoardo DaVinci, IProD, Moguncja, Niemcy<\/li>\n<li>Certyfikat Proficiency in English<\/li>\n<li>Certyfikat Mittelstufenpr\u00fcfung<\/li>\n<li>Egzamin Maturalny XII LO w \u0141odzi<\/li>\n<\/ul>\n<hr \/>\n<blockquote><p><strong>Do\u015bwiadczenie zawodowe<\/strong><\/p><\/blockquote>\n<ul>\n<li><strong> a:tr <\/strong> w\u0142asna praktyka architektocznina<\/li>\n<li>WILKOCKI Projekt &#8211; architekt, 2007r &#8211; &#8230;<\/li>\n<li>Miros\u0142aw Wi\u015bniewski &#8211; asystent projektanta, 2006r<\/li>\n<li>Lipski i Wujek &#8211; asystent projektanta, 2005-2006r<\/li>\n<li>ITB GmbH i IProD, Moguncja Niemcy, w ramach Stypendium Leonardo DaVinci, 2003-2004r<\/li>\n<li>Apsys Polska Sp. z o.o. Manufaktura \u0141\u00f3d\u017a, sta\u017c, 2002r<\/li>\n<li>Open Society Institute \/ Fundacja Stefana Batorego, organizator wydarze\u0144, szef zespo\u0142u wolontariuszy<\/li>\n<li>T\u0142umacz tekst\u00f3w oraz symultaniczny dla firm prywatnych, Politechniki \u0141\u00f3dzkiej, Teatru Wielkiego w \u0141odzi i innych, jezyk angielski i niemiecki<\/li>\n<li>Szko\u0142a J\u0119zyk\u00f3w Obcych PRIMA, nauczyciel na zast\u0119pstwa, j\u0119zyk angielski<\/li>\n<li>Redaktor naczelny gazety szkolnej GJ Forum<\/li>\n<\/ul>\n<hr \/>\n<blockquote><p><strong>Publikacje<\/strong><\/p><\/blockquote>\n<ul>\n<li><a href=\"http:\/\/atr-design.pl\/wp-content\/uploads\/2015\/04\/ckw-mtl.pdf\">Zdj\u0119cia do publikacji w \u015awiat Architektury 6 (24) 2012<\/a><\/li>\n<li><a href=\"http:\/\/atr-design.pl\/wp-content\/uploads\/2015\/04\/ab-05-05.pdf\">&#8222;Kicz w przestrzeni miejskiej&#8221;, Architektura i Biznes (nr.5(154)2005)<\/a><\/li>\n<li><a href=\"http:\/\/atr-design.pl\/wp-content\/uploads\/2015\/04\/ab-05-04.pdf\">&#8222;Tanie latanie &#8211; tania architektura?&#8221;, Architektura i Biznes (nr.4(153)2005)<\/a><\/li>\n<li><a href=\"http:\/\/atr-design.pl\/wp-content\/uploads\/2015\/04\/am-05-02.pdf\">&#8222;Palimpsest&#8221;, Architektura-Murator (nr.2(125)02-2005)<\/a><\/li>\n<li><a href=\"http:\/\/atr-design.pl\/wp-content\/uploads\/2015\/04\/FH-FORUM.pdf\">&#8222;Die Gr\u00f6\u00dfte Freiluftschule der Welt&#8221;, FH-Forum(2\/2004), Moguncja, Niemcy<\/a><\/li>\n<li><a href=\"http:\/\/atr-design.pl\/wp-content\/uploads\/2015\/04\/am-09-09.pdf\">&#8222;Szko\u0142a w Suresnes &#8211; jak ocali\u0107 zabytek z pocz\u0105tku XX wieku&#8221;, Architektura-Murator (9(120) 09 2004)<\/a><\/li>\n<\/ul>\n<hr \/>\n<blockquote><p><strong>Znajomo\u015b\u0107 j\u0119zyk\u00f3w<\/strong><\/p><\/blockquote>\n<ul>\n<li><strong>angielski<\/strong> bieg\u0142a: Certificate Proficiency in English University of Cambridge (12 2000)<\/li>\n<li><strong>niemiecki<\/strong> bieg\u0142a: Zentrale Mittelstufenpr\u00fcfung Goethe-Institute (20.06 2001)<\/li>\n<li><strong>francuski<\/strong> podstawowa: na poziomie komunikatywnym<\/li>\n<li><strong>hiszpa\u0144ski<\/strong> podstawowa: na poziomie komunikatywnym<\/li>\n<\/ul>\n<hr \/>\n<blockquote><p><strong>R\u00f3\u017cne<\/strong><\/p><\/blockquote>\n<ul>\n<li>prawo jazdy kategorii B<\/li>\n<li>podstawy pilota\u017cu szybowca<\/li>\n<li>fotografia<\/li>\n<li>muzyka\/gra na gitarze<\/li>\n<li>podr\u00f3\u017ce<\/li>\n<li>literatura i poezja<\/li>\n<li>3. miejsce w konkursie poezji amatowskiej im. Krzysztofa K. Baczy\u0144skiego (1999)<\/li>\n<\/ul>\n","protected":false},"excerpt":{"rendered":"<p>Tomasz Rymarek mgr. in\u017c architekt nr. upr. 34\/LOOKK\/2010 ul. Wycieczkowa 49b 91-518 \u0141\u00f3d\u017a tomek.rymarek@gmail.com Wyszta\u0142cenie Uprawnienia budowlane do projektowania w zakresie architektury bez ogranicze\u0144 Wyr\u00f3\u017cnienie Towarzystwa Urbanist\u00f3w Polskich za prac\u0119 dyplomow\u0105 Absolwent Politechniki \u0141\u00f3dzkiej, Wydzia\u0142 Architektury, praca dyplomowa \u201eRehabitacja Kwarta\u0142\u00f3w \u0141\u00f3dzkich\u201d pod kierunkiem Dr Weroniki Wi\u015bniewskiej Stypendysta programu Lenoardo DaVinci, IProD, Moguncja, Niemcy Certyfikat Proficiency &hellip; <a class=\"readmore\" title=\"Read more on Curriculum Vitae\" href=\"https:\/\/atr-design.pl\/?page_id=7\"> read more<\/a><\/p>\n","protected":false},"author":1,"featured_media":0,"parent":0,"menu_order":0,"comment_status":"closed","ping_status":"closed","template":"","meta":{"footnotes":""},"class_list":["post-7","page","type-page","status-publish","hentry"],"_links":{"self":[{"href":"https:\/\/atr-design.pl\/index.php?rest_route=\/wp\/v2\/pages\/7","targetHints":{"allow":["GET"]}}],"collection":[{"href":"https:\/\/atr-design.pl\/index.php?rest_route=\/wp\/v2\/pages"}],"about":[{"href":"https:\/\/atr-design.pl\/index.php?rest_route=\/wp\/v2\/types\/page"}],"author":[{"embeddable":true,"href":"https:\/\/atr-design.pl\/index.php?rest_route=\/wp\/v2\/users\/1"}],"replies":[{"embeddable":true,"href":"https:\/\/atr-design.pl\/index.php?rest_route=%2Fwp%2Fv2%2Fcomments&post=7"}],"version-history":[{"count":21,"href":"https:\/\/atr-design.pl\/index.php?rest_route=\/wp\/v2\/pages\/7\/revisions"}],"predecessor-version":[{"id":313,"href":"https:\/\/atr-design.pl\/index.php?rest_route=\/wp\/v2\/pages\/7\/revisions\/313"}],"wp:attachment":[{"href":"https:\/\/atr-design.pl\/index.php?rest_route=%2Fwp%2Fv2%2Fmedia&parent=7"}],"curies":[{"name":"wp","href":"https:\/\/api.w.org\/{rel}","templated":true}]}}