{"id":72,"date":"2015-02-15T09:41:39","date_gmt":"2015-02-15T09:41:39","guid":{"rendered":"http:\/\/atr-design.pl\/?page_id=72"},"modified":"2015-04-21T22:43:13","modified_gmt":"2015-04-21T22:43:13","slug":"moja-architektura","status":"publish","type":"page","link":"https:\/\/atr-design.pl\/?page_id=72","title":{"rendered":"Moja architektura"},"content":{"rendered":"<p>Architektura\u00a0to przestrze\u0144, funkcjonalno\u015b\u0107, estetyka, rozwi\u0105zania techniczne&#8230;<\/p>\n<p>Architektura, moim zdaniem, nie powinna mie\u0107\u00a0granic.<\/p>\n<p>Uwa\u017cam, \u017ce nie ma podzia\u0142\u00f3w mi\u0119dzy urbanistyk\u0105, architektur\u0105 i projektowaniem wn\u0119trz, gdy\u017c wszystkie one przenikaj\u0105 si\u0119 w \u017cyciu codziennym i nie spos\u00f3b realizowa\u0107 jednego w oderwaniu od pozosta\u0142ych. Cz\u0119sto powtarzam, \u017ce dobre wn\u0119trze zaczyna si\u0119 wtedy, gdy \u015bciany stoj\u0105 we w\u0142a\u015bciwych miejscach, a\u00a0budynek dobrze korzysta z zalet dzia\u0142ki.<\/p>\n<p>Poza tym, szerokie spojrzenie i d\u0105\u017cenie do optymalnych rozwi\u0105za\u0144 nie mo\u017ce by\u0107 ograniczone sztucznymi\u00a0definicjami.<\/p>\n<p>O wiele ciekawsz\u0105 typologi\u0105 jest rozr\u00f3\u017cnienie architektury ze wzgl\u0119du na funkcj\u0119. Przeznaczenie przestrzeni, role, kt\u00f3re ma pe\u0142ni\u0107 oraz ich zmienno\u015b\u0107 w czasie, pozwala stworzy\u0107 du\u017co bardziej u\u017cyteczn\u0105 typologi\u0119 architektury. <\/p>\n<p><strong>Architektura mieszkaniowa<\/strong><br \/>\nW trakcie pracy z klientami odkry\u0142em, \u017ce to w\u0142a\u015bnie ten rodzaj architektury jest najbardziej podatny na zmienno\u015b\u0107 w czasie. Potrzeby mieszka\u0144c\u00f3w zmieniaj\u0105 si\u0119 z roku na rok, a wraz z nimi i otoczenie, kt\u00f3re ma im s\u0142u\u017cy\u0107. Mo\u017ce to prowadzi\u0107 do ciekawych inwestycji, takich jak odzyskanie dla potrzeb mieszkalnych zapomnianego strychu. Takie sukcesy ciesz\u0105 i zaskakuj\u0105 jednocze\u015bnie, gdy si\u0119 okazuje jak wielk\u0105 warto\u015b\u0107 ma taka zapomniana przestrze\u0144.<\/p>\n<p>Kluczem do projektowania architektury mieszkaniowej, czy to jednorodzinnej, czy w wi\u0119kszej skali, jest poznanie klienta, jego potrzeb, jego wra\u017cliwo\u015bci i marze\u0144, a nast\u0119pnie skonfrontowanie ich z mo\u017cliwo\u015bciami i planami inwestycyjnymi.<\/p>\n<p><strong>Projekty typowe<\/strong><br \/>\nUwa\u017cam za patologi\u0119 naszych czas\u00f3w. Nie zrozumiem chyba nigdy Inwestor\u00f3w, kt\u00f3rzy wydaj\u0105c kilkaset tysi\u0119cy na dom i dzia\u0142k\u0119, oraz planuj\u0105c swoje otoczenie na wiele kolejnych lat, \u015bwiadomie rezygnuj\u0105 z mo\u017cliwo\u015bci ukszta\u0142towania jej na miar\u0119 swoich potrzeb i mo\u017cliwo\u015bci. Kilku klient\u00f3w zaufa\u0142o mi ju\u017c na tyle, \u017ce zgodzi\u0142o si\u0119 ze mn\u0105, \u017ce typowe, to mog\u0105 by\u0107 mieszkania w blokach&#8230;<\/p>\n<p><strong>Architektura z technologi\u0105<\/strong><br \/>\nTechnologi\u0105 jest ka\u017cdy z powtarzalnych proces\u00f3w, kt\u00f3ry determinuje kszta\u0142t i u\u017cyteczno\u015b\u0107 przestrzeni w okre\u015blonym celu. Projektowanie tych proces\u00f3w to bardzo ciekawe wyzwanie dla architekta. W trakcie pracy z takimi tematami mam okazj\u0119 poznawa\u0107 tajniki ro\u017cnych dziedzin, od zak\u0142ad\u00f3w utylizacji odpad\u00f3w, przez procesy produkcyjne, zagadnienia zwi\u0105zane z optymalizacj\u0105 wydajno\u015bci, a\u017c po zagadnienia zwi\u0105zane z ochron\u0105 \u015brodowiska i odnawialnymi \u017ar\u00f3d\u0142ami energii.<\/p>\n<p><strong>Gastronomia<\/strong><br \/>\nSzczeg\u00f3lnym przyk\u0142adem technologii w architekturze jest gastronomia. W skali mikro, a jednocze\u015bnie w skali bliskiej naszym codziennym do\u015bwiadczeniom, jest tu bogactwo proces\u00f3w zaopatrzeniowych, przygotowawczych, produkcyjnych, unikania zagro\u017ce\u0144 (tzw. HACCP), jak r\u00f3wnie\u017c obs\u0142uga klienta na du\u017c\u0105 skal\u0119, ale te\u017c du\u017cy nacisk na kszta\u0142towanie estetyczne przestrzeni i to\u017csamo\u015bci lokalu. Zdobywanie kolejnych do\u015bwiadcze\u0144 w tej dziedzinie sprawia mi ogromn\u0105 przyjemno\u015b\u0107, a obserwowanie jak projektowane przeze mnie lokale prosperuj\u0105 &#8211; jeszcze wi\u0119ksz\u0105. Niech miar\u0105 sukcesu b\u0119d\u0105 kolejne zlecenia od zadowolonych klient\u00f3w!<\/p>\n<p><strong>Architektura symboliczna<\/strong><br \/>\nSymbolizm przestrzeni u\u017cytkowanej przez cz\u0142owieka stworzy\u0142 architektur\u0119. Jestem o tym przekonany. \u015awi\u0105tynie Stonehenge, czy Hypogeum na Malcie, pokazuj\u0105 jak wiele wysi\u0142ku ludzie potrafi\u0105 w\u0142o\u017cy\u0107 w kszta\u0142towanie imponuj\u0105cych symboli. Jednak to co w tych artefaktach zaskakuje najbardziej, to ilo\u015b\u0107 przemy\u015ble\u0144 i obserwacji, kt\u00f3ra stoi za ka\u017cdym z tych dzie\u0142. Si\u0142a umys\u0142u przekszta\u0142ca w architekturze \u015bwiat\u0142o, d\u017awi\u0119k i przestrze\u0144 w doznania mistyczne i estetyczne. Dzisiejsze \u015bwi\u0105tynie i pomniki wpisuj\u0105 si\u0119 w ten sam nurt, w kt\u00f3rym jednym z najwa\u017cniejszych zada\u0144 tw\u00f3rcy jest zrozumienie emocji odbiorcy.<\/p>\n<p>Najciekawsze w architekturze jest to, \u017ce tak naprawd\u0119 granice w projektowaniu wyznaczamy my sami.<\/p>\n","protected":false},"excerpt":{"rendered":"<p>Architektura\u00a0to przestrze\u0144, funkcjonalno\u015b\u0107, estetyka, rozwi\u0105zania techniczne&#8230; Architektura, moim zdaniem, nie powinna mie\u0107\u00a0granic. Uwa\u017cam, \u017ce nie ma podzia\u0142\u00f3w mi\u0119dzy urbanistyk\u0105, architektur\u0105 i projektowaniem wn\u0119trz, gdy\u017c wszystkie one przenikaj\u0105 si\u0119 w \u017cyciu codziennym i nie spos\u00f3b realizowa\u0107 jednego w oderwaniu od pozosta\u0142ych. Cz\u0119sto powtarzam, \u017ce dobre wn\u0119trze zaczyna si\u0119 wtedy, gdy \u015bciany stoj\u0105 we w\u0142a\u015bciwych miejscach, a\u00a0budynek &hellip; <a class=\"readmore\" title=\"Read more on Moja architektura\" href=\"https:\/\/atr-design.pl\/?page_id=72\"> read more<\/a><\/p>\n","protected":false},"author":1,"featured_media":0,"parent":0,"menu_order":0,"comment_status":"closed","ping_status":"closed","template":"","meta":{"footnotes":""},"class_list":["post-72","page","type-page","status-publish","hentry"],"_links":{"self":[{"href":"https:\/\/atr-design.pl\/index.php?rest_route=\/wp\/v2\/pages\/72","targetHints":{"allow":["GET"]}}],"collection":[{"href":"https:\/\/atr-design.pl\/index.php?rest_route=\/wp\/v2\/pages"}],"about":[{"href":"https:\/\/atr-design.pl\/index.php?rest_route=\/wp\/v2\/types\/page"}],"author":[{"embeddable":true,"href":"https:\/\/atr-design.pl\/index.php?rest_route=\/wp\/v2\/users\/1"}],"replies":[{"embeddable":true,"href":"https:\/\/atr-design.pl\/index.php?rest_route=%2Fwp%2Fv2%2Fcomments&post=72"}],"version-history":[{"count":15,"href":"https:\/\/atr-design.pl\/index.php?rest_route=\/wp\/v2\/pages\/72\/revisions"}],"predecessor-version":[{"id":231,"href":"https:\/\/atr-design.pl\/index.php?rest_route=\/wp\/v2\/pages\/72\/revisions\/231"}],"wp:attachment":[{"href":"https:\/\/atr-design.pl\/index.php?rest_route=%2Fwp%2Fv2%2Fmedia&parent=72"}],"curies":[{"name":"wp","href":"https:\/\/api.w.org\/{rel}","templated":true}]}}